{"id":20,"date":"2019-04-16T09:37:12","date_gmt":"2019-04-16T02:37:12","guid":{"rendered":"https:\/\/bizhostvn.com\/w\/nhahang\/?page_id=20"},"modified":"2023-12-15T21:28:21","modified_gmt":"2023-12-15T14:28:21","slug":"about-minh-ky","status":"publish","type":"page","link":"https:\/\/minhkyrestaurant.com\/vi\/about-minh-ky\/","title":{"rendered":"About Minh Ky Restaurant"},"content":{"rendered":"<p>Ch\u00e0o m\u1eebng b\u1ea1n \u0111\u1ebfn v\u1edbi Nh\u00e0 h\u00e0ng Minh K\u00fd!<\/p>\n<p>T\u1ea1i Minh K\u00fd, ch\u00fang t\u00f4i t\u1ef1 h\u00e0o mang \u0111\u1ebfn tr\u1ea3i nghi\u1ec7m \u1ea9m th\u1ef1c tinh t\u1ebf, k\u00edch th\u00edch v\u1ecb gi\u00e1c v\u00e0 l\u00e0m th\u1ecfa m\u00e3n t\u00e2m h\u1ed3n. \u1ea8n m\u00ecnh \u1edf trung t\u00e2m San Diego, nh\u00e0 h\u00e0ng c\u1ee7a ch\u00fang t\u00f4i n\u1ed5i ti\u1ebfng v\u1edbi c\u00e1c m\u00f3n \u0103n Trung Qu\u1ed1c ch\u00ednh th\u1ed1ng \u0111\u01b0\u1ee3c ph\u1ee5c v\u1ee5 trong b\u1ea7u kh\u00f4ng kh\u00ed \u1ea5m \u00e1p v\u00e0 h\u1ea5p d\u1eabn.<\/p>\n<p>Th\u1ef1c \u0111\u01a1n c\u1ee7a ch\u00fang t\u00f4i l\u00e0 s\u1ef1 t\u00f4n vinh c\u00e1c h\u01b0\u01a1ng v\u1ecb Th\u1ef1c ph\u1ea9m truy\u1ec1n th\u1ed1ng c\u1ee7a Trung Qu\u1ed1c k\u1ebft h\u1ee3p v\u1edbi nh\u1eefng c\u00e1ch bi\u1ebfn t\u1ea5u s\u00e1ng t\u1ea1o nh\u1eb1m \u0111\u00e1p \u1ee9ng kh\u1ea9u v\u1ecb \u0111a d\u1ea1ng. T\u1eeb m\u00f3n ph\u1edf th\u01a1m ph\u1ee9c, b\u00fan b\u00f2 Hu\u1ebf \u0111\u1eadm \u0111\u00e0 \u0111\u1ebfn b\u00e1nh x\u00e8o gi\u00f2n c\u00f9ng h\u00e0ng lo\u1ea1t m\u00f3n khai v\u1ecb v\u00e0 m\u00f3n ch\u00ednh h\u1ea5p d\u1eabn, m\u1ed7i m\u00f3n \u0103n t\u1ea1i Minh K\u00fd \u0111\u1ec1u \u0111\u01b0\u1ee3c ch\u1ebf bi\u1ebfn t\u1ec9 m\u1ec9 b\u1eb1ng nguy\u00ean li\u1ec7u t\u01b0\u01a1i ngon, ch\u1ea5t l\u01b0\u1ee3ng cao v\u00e0 c\u00f4ng th\u1ee9c l\u00e2u \u0111\u1eddi.<\/p>\n<p>Cam k\u1ebft c\u1ee7a ch\u00fang t\u00f4i v\u1ec1 s\u1ef1 xu\u1ea5t s\u1eafc kh\u00f4ng ch\u1ec9 d\u1eebng l\u1ea1i \u1edf th\u1ef1c ph\u1ea9m. \u0110\u1ed9i ng\u0169 nh\u00e2n vi\u00ean ni\u1ec1m n\u1edf v\u00e0 chu \u0111\u00e1o c\u1ee7a ch\u00fang t\u00f4i \u0111\u1ea3m b\u1ea3o r\u1eb1ng m\u1ed7i kh\u00e1ch \u0111\u1ec1u c\u1ea3m th\u1ea5y nh\u01b0 \u0111ang \u1edf nh\u00e0. Cho d\u00f9 b\u1ea1n \u0111ang d\u00f9ng b\u1eefa m\u1ed9t m\u00ecnh, v\u1edbi ng\u01b0\u1eddi th\u00e2n hay t\u1ed5 ch\u1ee9c m\u1ed9t s\u1ef1 ki\u1ec7n \u0111\u1eb7c bi\u1ec7t, ch\u00fang t\u00f4i c\u1ed1 g\u1eafng cung c\u1ea5p d\u1ecbch v\u1ee5 ho\u00e0n h\u1ea3o \u0111\u1ec3 khi\u1ebfn tr\u1ea3i nghi\u1ec7m c\u1ee7a b\u1ea1n tr\u1edf n\u00ean \u0111\u00e1ng nh\u1edb.<\/p>\n<p>B\u1ea1n \u0111ang mu\u1ed1n t\u1ed5 ch\u1ee9c m\u1ed9t s\u1ef1 ki\u1ec7n? Nh\u00e0 h\u00e0ng c\u1ee7a ch\u00fang t\u00f4i c\u00f3 kh\u00f4ng gian r\u1ed9ng r\u00e3i v\u00e0 trang nh\u00e3, ho\u00e0n h\u1ea3o cho c\u00e1c bu\u1ed5i h\u1ecdp m\u1eb7t, l\u1ec5 k\u1ef7 ni\u1ec7m ho\u1eb7c s\u1ef1 ki\u1ec7n c\u1ee7a c\u00f4ng ty. H\u00e3y \u0111\u1ec3 ch\u00fang t\u00f4i gi\u00fap b\u1ea1n t\u1ea1o n\u00ean nh\u1eefng kho\u1ea3nh kh\u1eafc kh\u00f3 qu\u00ean v\u1edbi \u1ea9m th\u1ef1c tinh t\u1ebf v\u00e0 d\u1ecbch v\u1ee5 \u0111\u1eb7c bi\u1ec7t c\u1ee7a ch\u00fang t\u00f4i.<\/p>\n<p>T\u1ea1i Minh K\u00fd, ch\u00fang t\u00f4i m\u1eddi b\u1ea1n tham gia v\u00e0o h\u00e0nh tr\u00ecnh \u1ea9m th\u1ef1c, th\u01b0\u1edfng th\u1ee9c nh\u1eefng m\u00f3n \u0103n ngon nh\u1ea5t c\u1ee7a Trung Hoa v\u00e0 t\u1ea1o n\u00ean nh\u1eefng k\u1ef7 ni\u1ec7m tuy\u1ec7t v\u1eddi b\u00ean gia \u0111\u00ecnh v\u00e0 b\u1ea1n b\u00e8. H\u00e3y tham gia c\u00f9ng ch\u00fang t\u00f4i v\u00e0 th\u01b0\u1edfng th\u1ee9c m\u1ed9t b\u1ea3n giao h\u01b0\u1edfng h\u01b0\u01a1ng v\u1ecb s\u1ebd khi\u1ebfn b\u1ea1n th\u00e8m mu\u1ed1n nhi\u1ec1u h\u01a1n n\u1eefa.<\/p>\n<p>Tr\u1ea3i nghi\u1ec7m h\u01b0\u01a1ng v\u1ecb \u1ea9m th\u1ef1c Trung Hoa t\u1ea1i nh\u00e0 h\u00e0ng Minh K\u00fd<\/p>","protected":false},"excerpt":{"rendered":"<p>Welcome to Minh Ky Restaurant! At Minh Ky, we pride ourselves on delivering an exquisite culinary experience that tantalizes the taste buds and satisfies the soul. Nestled in the heart of San Diego, our restaurant is renowned for its authentic Chinese foods cuisine served in a warm and inviting atmosphere. Our menu is a celebration &#8230;<\/p>","protected":false},"author":1,"featured_media":0,"parent":0,"menu_order":0,"comment_status":"closed","ping_status":"closed","template":"page-right-sidebar.php","meta":{"footnotes":""},"class_list":["post-20","page","type-page","status-publish","hentry"],"acf":[],"_links":{"self":[{"href":"https:\/\/minhkyrestaurant.com\/vi\/wp-json\/wp\/v2\/pages\/20","targetHints":{"allow":["GET"]}}],"collection":[{"href":"https:\/\/minhkyrestaurant.com\/vi\/wp-json\/wp\/v2\/pages"}],"about":[{"href":"https:\/\/minhkyrestaurant.com\/vi\/wp-json\/wp\/v2\/types\/page"}],"author":[{"embeddable":true,"href":"https:\/\/minhkyrestaurant.com\/vi\/wp-json\/wp\/v2\/users\/1"}],"replies":[{"embeddable":true,"href":"https:\/\/minhkyrestaurant.com\/vi\/wp-json\/wp\/v2\/comments?post=20"}],"version-history":[{"count":6,"href":"https:\/\/minhkyrestaurant.com\/vi\/wp-json\/wp\/v2\/pages\/20\/revisions"}],"predecessor-version":[{"id":1156,"href":"https:\/\/minhkyrestaurant.com\/vi\/wp-json\/wp\/v2\/pages\/20\/revisions\/1156"}],"wp:attachment":[{"href":"https:\/\/minhkyrestaurant.com\/vi\/wp-json\/wp\/v2\/media?parent=20"}],"curies":[{"name":"wp","href":"https:\/\/api.w.org\/{rel}","templated":true}]}}