{"id":22,"date":"2019-04-16T09:37:20","date_gmt":"2019-04-16T02:37:20","guid":{"rendered":"https:\/\/bizhostvn.com\/w\/nhahang\/?page_id=22"},"modified":"2023-12-19T13:43:11","modified_gmt":"2023-12-19T06:43:11","slug":"contact","status":"publish","type":"page","link":"https:\/\/minhkyrestaurant.com\/vi\/contact\/","title":{"rendered":"Li\u00ean h\u1ec7"},"content":{"rendered":"<p>\ud83d\udccd <strong>Nh\u00e0 H\u00e0ng Minh K\u00fd<\/strong><br \/>\n4644 El Cajon Blvd Ste 101,<br \/>\nSan Diego, CA 92115<br \/>\n\ud83d\udcde <strong>S\u1ed1 \u0111i\u1ec7n tho\u1ea1i:<\/strong> (619) 283-4180<\/p>\n<p>\u0110\u1ec3 \u0111\u1eb7t ch\u1ed7, gi\u1ea3i \u0111\u00e1p th\u1eafc m\u1eafc ho\u1eb7c b\u1ea5t k\u1ef3 s\u1ef1 tr\u1ee3 gi\u00fap n\u00e0o, vui l\u00f2ng li\u00ean h\u1ec7 v\u1edbi ch\u00fang t\u00f4i t\u1ea1i Nh\u00e0 h\u00e0ng Minh K\u00fd. T\u1ecda l\u1ea1c t\u1ea1i trung t\u00e2m s\u00f4i \u0111\u1ed9ng c\u1ee7a San Diego, California, nh\u00e0 h\u00e0ng c\u1ee7a ch\u00fang t\u00f4i mang \u0111\u1ebfn tr\u1ea3i nghi\u1ec7m \u0103n u\u1ed1ng kh\u00f3 qu\u00ean nh\u1eb1m t\u00f4n vinh h\u01b0\u01a1ng v\u1ecb phong ph\u00fa c\u1ee7a \u1ea9m th\u1ef1c Trung Hoa ch\u00ednh th\u1ed1ng.<\/p>\n<p>H\u00e3y gh\u00e9 th\u0103m ch\u00fang t\u00f4i t\u1ea1i v\u1ecb tr\u00ed thu\u1eadn ti\u1ec7n tr\u00ean \u0110\u1ea1i l\u1ed9 El Cajon, n\u01a1i \u0111\u1ed9i ng\u0169 c\u1ee7a ch\u00fang t\u00f4i t\u1eadn t\u00e2m cung c\u1ea5p d\u1ecbch v\u1ee5 \u0111\u1eb7c bi\u1ec7t v\u00e0 c\u00e1c m\u00f3n \u0103n ngon tinh t\u1ebf. Cho d\u00f9 b\u1ea1n \u0111ang l\u00ean k\u1ebf ho\u1ea1ch cho m\u1ed9t l\u1ec5 k\u1ef7 ni\u1ec7m \u0111\u1eb7c bi\u1ec7t, t\u00ecm ki\u1ebfm m\u1ed9t b\u1eefa t\u1ed1i \u1ea5m c\u00fang cho hai ng\u01b0\u1eddi hay ch\u1ec9 \u0111\u01a1n gi\u1ea3n l\u00e0 th\u00e8m h\u01b0\u01a1ng v\u1ecb Trung Hoa, Nh\u00e0 h\u00e0ng Minh K\u00fdlu\u00f4n s\u1eb5n s\u00e0ng mang \u0111\u1ebfn cho b\u1ea1n tr\u1ea3i nghi\u1ec7m \u0103n u\u1ed1ng th\u1ef1c s\u1ef1 \u0111\u00e1ng ch\u00fa \u00fd.<\/p>\n<p>N\u1ebfu c\u00f3 b\u1ea5t k\u1ef3 c\u00e2u h\u1ecfi, \u0111\u1eb7t ch\u1ed7 ho\u1eb7c kh\u00e1m ph\u00e1 th\u1ef1c \u0111\u01a1n c\u1ee7a ch\u00fang t\u00f4i, h\u00e3y g\u1ecdi cho ch\u00fang t\u00f4i theo s\u1ed1 (619) 283-4180. \u0110\u1ed9i ng\u0169 nh\u00e2n vi\u00ean th\u00e2n thi\u1ec7n c\u1ee7a ch\u00fang t\u00f4i s\u1eb5n s\u00e0ng h\u1ed7 tr\u1ee3 b\u1ea1n v\u00e0 \u0111\u1ea3m b\u1ea3o chuy\u1ebfn th\u0103m Minh K\u1ef3 c\u1ee7a b\u1ea1n l\u00e0 m\u1ed9t chuy\u1ebfn \u0111i th\u00fa v\u1ecb v\u00e0 \u0111\u00e1ng nh\u1edb.<\/p>\n<p>H\u00e3y li\u00ean h\u1ec7 v\u1edbi ch\u00fang t\u00f4i t\u1ea1i Nh\u00e0 h\u00e0ng Minh K\u00fd, n\u01a1i nh\u1eefng m\u00f3n \u0103n tuy\u1ec7t v\u1eddi k\u1ebft h\u1ee3p v\u1edbi d\u1ecbch v\u1ee5 xu\u1ea5t s\u1eafc, t\u1ea1o n\u00ean nh\u1eefng kho\u1ea3nh kh\u1eafc \u0111\u00e1ng tr\u00e2n tr\u1ecdng.<\/p>\n\n<p><iframe loading=\"lazy\" style=\"border: 0;\" src=\"https:\/\/www.google.com\/maps\/embed?pb=!1m18!1m12!1m3!1d3355.357975735348!2d-117.09711748772335!3d32.756234673562645!2m3!1f0!2f0!3f0!3m2!1i1024!2i768!4f13.1!3m3!1m2!1s0x80d9543c7b7de21b%3A0x653b2ae3ea804d06!2sMinh%20Ky%20Restaurant!5e0!3m2!1svi!2s!4v1702573184087!5m2!1svi!2s\" width=\"100%\" height=\"450\" allowfullscreen=\"allowfullscreen\"><\/iframe><br \/>","protected":false},"excerpt":{"rendered":"<p>\ud83d\udccd Minh Ky Restaurant 4644 El Cajon Blvd Ste 101, San Diego, CA 92115 \ud83d\udcde Phone: (619) 283-4180 For reservations, inquiries, or any assistance, feel free to reach out to us at Minh Ky Restaurant. Located at the vibrant heart of San Diego, California, our restaurant offers an unforgettable dining experience that celebrates the rich &#8230;<\/p>","protected":false},"author":1,"featured_media":0,"parent":0,"menu_order":0,"comment_status":"closed","ping_status":"closed","template":"page-right-sidebar.php","meta":{"footnotes":""},"class_list":["post-22","page","type-page","status-publish","hentry"],"acf":[],"_links":{"self":[{"href":"https:\/\/minhkyrestaurant.com\/vi\/wp-json\/wp\/v2\/pages\/22","targetHints":{"allow":["GET"]}}],"collection":[{"href":"https:\/\/minhkyrestaurant.com\/vi\/wp-json\/wp\/v2\/pages"}],"about":[{"href":"https:\/\/minhkyrestaurant.com\/vi\/wp-json\/wp\/v2\/types\/page"}],"author":[{"embeddable":true,"href":"https:\/\/minhkyrestaurant.com\/vi\/wp-json\/wp\/v2\/users\/1"}],"replies":[{"embeddable":true,"href":"https:\/\/minhkyrestaurant.com\/vi\/wp-json\/wp\/v2\/comments?post=22"}],"version-history":[{"count":4,"href":"https:\/\/minhkyrestaurant.com\/vi\/wp-json\/wp\/v2\/pages\/22\/revisions"}],"predecessor-version":[{"id":1499,"href":"https:\/\/minhkyrestaurant.com\/vi\/wp-json\/wp\/v2\/pages\/22\/revisions\/1499"}],"wp:attachment":[{"href":"https:\/\/minhkyrestaurant.com\/vi\/wp-json\/wp\/v2\/media?parent=22"}],"curies":[{"name":"wp","href":"https:\/\/api.w.org\/{rel}","templated":true}]}}